{"id":5290,"date":"2020-03-19T17:10:03","date_gmt":"2020-03-19T16:10:03","guid":{"rendered":"https:\/\/staging.shitshow.de\/impressum\/"},"modified":"2024-04-17T11:11:05","modified_gmt":"2024-04-17T09:11:05","slug":"imprint","status":"publish","type":"page","link":"https:\/\/shitshow.de\/en\/imprint\/","title":{"rendered":"Imprint"},"content":{"rendered":"<h4>Information pursuant to Sect. 5 German Telemedia Act (TMG)<\/h4>\n<p>SHITSHOW \u2013 Agentur f\u00fcr psychische Gesundheit GmbH<br \/>\nFlughafenstra\u00dfe 26<br \/>\n12053 Berlin<\/p>\n<p>Commercial Register: HRB 238290 B<br \/>\nRegistration court: Amtsgericht Charlottenburg Berlin<\/p>\n<p><strong>Represented by:<\/strong><br \/>\nLuisa Weyrich, Nele Groeger, Benthe Untiedt<\/p>\n<h4>Contact<\/h4>\n<p>Phone: +49 30 89611464<br \/>\nE-mail: hello@shitshow.de<\/p>\n<h4>VAT ID<\/h4>\n<p>Sales tax identification number according to Sect. 27 a of the Sales Tax Law:<br \/>\nDE351057834<\/p>\n<h4>Information regarding professional liability insurance<\/h4>\n<p><strong>Name and registered office of the insurer:<\/strong><br \/>\nGenerali Versicherung AG<br \/>\n81731 M\u00fcnchen<\/p>\n<p><strong>Scope of insurance:<\/strong><br \/>\nWeltweit ohne USA\/Kanada<\/p>\n<h4>Person responsible for editorial<\/h4>\n<p>Luisa Weyrich, Nele Groeger und Benthe Untiedt<\/p>\n<p><u>Webdesign<\/u><br \/>\nJohanna Dreyer<br \/>\n<a href=\"http:\/\/www.grafikladen.net\/\" target=\"_blank\" rel=\"noopener noreferrer\">http:\/\/www.grafikladen.net<\/a><\/p>\n<p><u>Code<\/u><br \/>\nTobias Vielmetter-Diekmann<br \/>\n<a href=\"https:\/\/wrklst.art\/\" target=\"_blank\" rel=\"noopener noreferrer\">WL Artworld Solutions UG (haftungsbeschr\u00e4nkt) \u2013 https:\/\/wrklst.art<\/a><\/p>\n<p><u>Photo Credits<\/u><br \/>\nAnne Freitag: Fertige Formate<br \/>\nAlena Schmick: About<\/p>\n<h4>EU dispute resolution<\/h4>\n<p>The European Commission provides a platform for online dispute resolution (ODR): <a href=\"https:\/\/ec.europa.eu\/consumers\/odr\/\" target=\"_blank\" rel=\"noopener noreferrer\">https:\/\/ec.europa.eu\/consumers\/odr\/<\/a>.<br \/>\nOur e-mail address can be found above in the site notice.<\/p>\n<h4>Dispute resolution proceedings in front of a consumer arbitration board<\/h4>\n<p>We are not willing or obliged to participate in dispute resolution proceedings in front of a consumer arbitration board.<\/p>\n<p>&nbsp;<\/p>\n","protected":false},"excerpt":{"rendered":"<p>Information pursuant to Sect. 5 German Telemedia Act (TMG) SHITSHOW \u2013 Agentur f\u00fcr psychische Gesundheit GmbH Flughafenstra\u00dfe 26 12053 Berlin Commercial Register: HRB 238290 B Registration court: Amtsgericht Charlottenburg Berlin Represented by: Luisa Weyrich, Nele Groeger, Benthe Untiedt Contact Phone: +49 30 89611464 E-mail: hello@shitshow.de VAT ID Sales tax identification number according to Sect. 27 &hellip; <a href=\"https:\/\/shitshow.de\/en\/imprint\/\">Continued<\/a><\/p>\n","protected":false},"author":1,"featured_media":1570,"parent":0,"menu_order":0,"comment_status":"closed","ping_status":"closed","template":"template-legal.blade.php","meta":{"_acf_changed":false,"footnotes":""},"class_list":["post-5290","page","type-page","status-publish","has-post-thumbnail","hentry"],"acf":[],"yoast_head":"<!-- This site is optimized with the Yoast SEO plugin v27.3 - https:\/\/yoast.com\/product\/yoast-seo-wordpress\/ -->\n<title>Imprint - SHITSHOW<\/title>\n<meta name=\"description\" content=\"die shitshow setzt sich f\u00fcr die f\u00f6rderung zeitgen\u00f6ssischer (konzept) kunst ein. der fokus liegt auf ausstellungen und kooperationen mit k\u00fcnstlern.\" \/>\n<meta name=\"robots\" content=\"index, follow, max-snippet:-1, max-image-preview:large, max-video-preview:-1\" \/>\n<link rel=\"canonical\" href=\"https:\/\/shitshow.de\/en\/imprint\/\" \/>\n<meta property=\"og:locale\" content=\"en_US\" \/>\n<meta property=\"og:type\" content=\"article\" \/>\n<meta property=\"og:title\" content=\"Imprint - SHITSHOW\" \/>\n<meta property=\"og:description\" content=\"die shitshow setzt sich f\u00fcr die f\u00f6rderung zeitgen\u00f6ssischer (konzept) kunst ein. der fokus liegt auf ausstellungen und kooperationen mit k\u00fcnstlern.\" \/>\n<meta property=\"og:url\" content=\"https:\/\/shitshow.de\/en\/imprint\/\" \/>\n<meta property=\"og:site_name\" content=\"SHITSHOW\" \/>\n<meta property=\"article:modified_time\" content=\"2024-04-17T09:11:05+00:00\" \/>\n<meta property=\"og:image\" content=\"https:\/\/shitshow.de\/wp-content\/uploads\/2018\/09\/shitshow_foundation_christoph_buechel_untitled.jpg\" \/>\n\t<meta property=\"og:image:width\" content=\"3000\" \/>\n\t<meta property=\"og:image:height\" content=\"3000\" \/>\n\t<meta property=\"og:image:type\" content=\"image\/jpeg\" \/>\n<meta name=\"twitter:card\" content=\"summary_large_image\" \/>\n<meta name=\"twitter:label1\" content=\"Est. reading time\" \/>\n\t<meta name=\"twitter:data1\" content=\"2 minutes\" \/>\n<script type=\"application\/ld+json\" class=\"yoast-schema-graph\">{\"@context\":\"https:\\\/\\\/schema.org\",\"@graph\":[{\"@type\":\"WebPage\",\"@id\":\"https:\\\/\\\/shitshow.de\\\/en\\\/imprint\\\/\",\"url\":\"https:\\\/\\\/shitshow.de\\\/en\\\/imprint\\\/\",\"name\":\"Imprint - SHITSHOW\",\"isPartOf\":{\"@id\":\"https:\\\/\\\/shitshow.de\\\/en\\\/#website\"},\"primaryImageOfPage\":{\"@id\":\"https:\\\/\\\/shitshow.de\\\/en\\\/imprint\\\/#primaryimage\"},\"image\":{\"@id\":\"https:\\\/\\\/shitshow.de\\\/en\\\/imprint\\\/#primaryimage\"},\"thumbnailUrl\":\"https:\\\/\\\/shitshow.de\\\/wp-content\\\/uploads\\\/2018\\\/09\\\/shitshow_foundation_christoph_buechel_untitled.jpg\",\"datePublished\":\"2020-03-19T16:10:03+00:00\",\"dateModified\":\"2024-04-17T09:11:05+00:00\",\"description\":\"die shitshow setzt sich f\u00fcr die f\u00f6rderung zeitgen\u00f6ssischer (konzept) kunst ein. der fokus liegt auf ausstellungen und kooperationen mit k\u00fcnstlern.\",\"inLanguage\":\"en-US\",\"potentialAction\":[{\"@type\":\"ReadAction\",\"target\":[\"https:\\\/\\\/shitshow.de\\\/en\\\/imprint\\\/\"]}]},{\"@type\":\"ImageObject\",\"inLanguage\":\"en-US\",\"@id\":\"https:\\\/\\\/shitshow.de\\\/en\\\/imprint\\\/#primaryimage\",\"url\":\"https:\\\/\\\/shitshow.de\\\/wp-content\\\/uploads\\\/2018\\\/09\\\/shitshow_foundation_christoph_buechel_untitled.jpg\",\"contentUrl\":\"https:\\\/\\\/shitshow.de\\\/wp-content\\\/uploads\\\/2018\\\/09\\\/shitshow_foundation_christoph_buechel_untitled.jpg\",\"width\":3000,\"height\":3000,\"caption\":\"Christoph B\u00fcchel untitled (D\u00fcsseldorf), 2001\\\/06\"},{\"@type\":\"WebSite\",\"@id\":\"https:\\\/\\\/shitshow.de\\\/en\\\/#website\",\"url\":\"https:\\\/\\\/shitshow.de\\\/en\\\/\",\"name\":\"SHITSHOW\",\"description\":\"Agentur f\u00fcr psychische Gesundheit\",\"publisher\":{\"@id\":\"https:\\\/\\\/shitshow.de\\\/en\\\/#organization\"},\"potentialAction\":[{\"@type\":\"SearchAction\",\"target\":{\"@type\":\"EntryPoint\",\"urlTemplate\":\"https:\\\/\\\/shitshow.de\\\/en\\\/?s={search_term_string}\"},\"query-input\":{\"@type\":\"PropertyValueSpecification\",\"valueRequired\":true,\"valueName\":\"search_term_string\"}}],\"inLanguage\":\"en-US\"},{\"@type\":\"Organization\",\"@id\":\"https:\\\/\\\/shitshow.de\\\/en\\\/#organization\",\"name\":\"SHITSHOW \u2013 Agentur f\u00fcr psychische Gesundheit GmbH\",\"url\":\"https:\\\/\\\/shitshow.de\\\/en\\\/\",\"logo\":{\"@type\":\"ImageObject\",\"inLanguage\":\"en-US\",\"@id\":\"https:\\\/\\\/shitshow.de\\\/en\\\/#\\\/schema\\\/logo\\\/image\\\/\",\"url\":\"https:\\\/\\\/shitshow.de\\\/wp-content\\\/uploads\\\/2022\\\/04\\\/cropped-cropped-kackhaufen-1.png\",\"contentUrl\":\"https:\\\/\\\/shitshow.de\\\/wp-content\\\/uploads\\\/2022\\\/04\\\/cropped-cropped-kackhaufen-1.png\",\"width\":512,\"height\":512,\"caption\":\"SHITSHOW \u2013 Agentur f\u00fcr psychische Gesundheit GmbH\"},\"image\":{\"@id\":\"https:\\\/\\\/shitshow.de\\\/en\\\/#\\\/schema\\\/logo\\\/image\\\/\"}}]}<\/script>\n<!-- \/ Yoast SEO plugin. -->","yoast_head_json":{"title":"Imprint - SHITSHOW","description":"die shitshow setzt sich f\u00fcr die f\u00f6rderung zeitgen\u00f6ssischer (konzept) kunst ein. der fokus liegt auf ausstellungen und kooperationen mit k\u00fcnstlern.","robots":{"index":"index","follow":"follow","max-snippet":"max-snippet:-1","max-image-preview":"max-image-preview:large","max-video-preview":"max-video-preview:-1"},"canonical":"https:\/\/shitshow.de\/en\/imprint\/","og_locale":"en_US","og_type":"article","og_title":"Imprint - SHITSHOW","og_description":"die shitshow setzt sich f\u00fcr die f\u00f6rderung zeitgen\u00f6ssischer (konzept) kunst ein. der fokus liegt auf ausstellungen und kooperationen mit k\u00fcnstlern.","og_url":"https:\/\/shitshow.de\/en\/imprint\/","og_site_name":"SHITSHOW","article_modified_time":"2024-04-17T09:11:05+00:00","og_image":[{"width":3000,"height":3000,"url":"https:\/\/shitshow.de\/wp-content\/uploads\/2018\/09\/shitshow_foundation_christoph_buechel_untitled.jpg","type":"image\/jpeg"}],"twitter_card":"summary_large_image","twitter_misc":{"Est. reading time":"2 minutes"},"schema":{"@context":"https:\/\/schema.org","@graph":[{"@type":"WebPage","@id":"https:\/\/shitshow.de\/en\/imprint\/","url":"https:\/\/shitshow.de\/en\/imprint\/","name":"Imprint - SHITSHOW","isPartOf":{"@id":"https:\/\/shitshow.de\/en\/#website"},"primaryImageOfPage":{"@id":"https:\/\/shitshow.de\/en\/imprint\/#primaryimage"},"image":{"@id":"https:\/\/shitshow.de\/en\/imprint\/#primaryimage"},"thumbnailUrl":"https:\/\/shitshow.de\/wp-content\/uploads\/2018\/09\/shitshow_foundation_christoph_buechel_untitled.jpg","datePublished":"2020-03-19T16:10:03+00:00","dateModified":"2024-04-17T09:11:05+00:00","description":"die shitshow setzt sich f\u00fcr die f\u00f6rderung zeitgen\u00f6ssischer (konzept) kunst ein. der fokus liegt auf ausstellungen und kooperationen mit k\u00fcnstlern.","inLanguage":"en-US","potentialAction":[{"@type":"ReadAction","target":["https:\/\/shitshow.de\/en\/imprint\/"]}]},{"@type":"ImageObject","inLanguage":"en-US","@id":"https:\/\/shitshow.de\/en\/imprint\/#primaryimage","url":"https:\/\/shitshow.de\/wp-content\/uploads\/2018\/09\/shitshow_foundation_christoph_buechel_untitled.jpg","contentUrl":"https:\/\/shitshow.de\/wp-content\/uploads\/2018\/09\/shitshow_foundation_christoph_buechel_untitled.jpg","width":3000,"height":3000,"caption":"Christoph B\u00fcchel untitled (D\u00fcsseldorf), 2001\/06"},{"@type":"WebSite","@id":"https:\/\/shitshow.de\/en\/#website","url":"https:\/\/shitshow.de\/en\/","name":"SHITSHOW","description":"Agentur f\u00fcr psychische Gesundheit","publisher":{"@id":"https:\/\/shitshow.de\/en\/#organization"},"potentialAction":[{"@type":"SearchAction","target":{"@type":"EntryPoint","urlTemplate":"https:\/\/shitshow.de\/en\/?s={search_term_string}"},"query-input":{"@type":"PropertyValueSpecification","valueRequired":true,"valueName":"search_term_string"}}],"inLanguage":"en-US"},{"@type":"Organization","@id":"https:\/\/shitshow.de\/en\/#organization","name":"SHITSHOW \u2013 Agentur f\u00fcr psychische Gesundheit GmbH","url":"https:\/\/shitshow.de\/en\/","logo":{"@type":"ImageObject","inLanguage":"en-US","@id":"https:\/\/shitshow.de\/en\/#\/schema\/logo\/image\/","url":"https:\/\/shitshow.de\/wp-content\/uploads\/2022\/04\/cropped-cropped-kackhaufen-1.png","contentUrl":"https:\/\/shitshow.de\/wp-content\/uploads\/2022\/04\/cropped-cropped-kackhaufen-1.png","width":512,"height":512,"caption":"SHITSHOW \u2013 Agentur f\u00fcr psychische Gesundheit GmbH"},"image":{"@id":"https:\/\/shitshow.de\/en\/#\/schema\/logo\/image\/"}}]}},"_links":{"self":[{"href":"https:\/\/shitshow.de\/en\/wp-json\/wp\/v2\/pages\/5290","targetHints":{"allow":["GET"]}}],"collection":[{"href":"https:\/\/shitshow.de\/en\/wp-json\/wp\/v2\/pages"}],"about":[{"href":"https:\/\/shitshow.de\/en\/wp-json\/wp\/v2\/types\/page"}],"author":[{"embeddable":true,"href":"https:\/\/shitshow.de\/en\/wp-json\/wp\/v2\/users\/1"}],"replies":[{"embeddable":true,"href":"https:\/\/shitshow.de\/en\/wp-json\/wp\/v2\/comments?post=5290"}],"version-history":[{"count":5,"href":"https:\/\/shitshow.de\/en\/wp-json\/wp\/v2\/pages\/5290\/revisions"}],"predecessor-version":[{"id":11874,"href":"https:\/\/shitshow.de\/en\/wp-json\/wp\/v2\/pages\/5290\/revisions\/11874"}],"wp:featuredmedia":[{"embeddable":true,"href":"https:\/\/shitshow.de\/en\/wp-json\/wp\/v2\/media\/1570"}],"wp:attachment":[{"href":"https:\/\/shitshow.de\/en\/wp-json\/wp\/v2\/media?parent=5290"}],"curies":[{"name":"wp","href":"https:\/\/api.w.org\/{rel}","templated":true}]}}